{"id":1400,"date":"2012-10-06T15:17:14","date_gmt":"2012-10-06T15:17:14","guid":{"rendered":"http:\/\/www.dobbertin.ch\/?page_id=1400"},"modified":"2012-10-10T02:45:41","modified_gmt":"2012-10-10T02:45:41","slug":"a-propos-de-ce-blog","status":"publish","type":"page","link":"https:\/\/dobbertin.ch\/fr\/a-propos-de-ce-blog\/","title":{"rendered":"A propos de ce blog"},"content":{"rendered":"<p><a class=\"shutterset_\" href=\"https:\/\/i0.wp.com\/www.dobbertin.ch\/wp-content\/gallery\/hello-world-2\/img_35742.jpg\"><img data-recalc-dims=\"1\" loading=\"lazy\" decoding=\"async\" class=\"ngg-singlepic ngg-none \" title=\"Our house number!\" src=\"https:\/\/i0.wp.com\/www.dobbertin.ch\/wp-content\/gallery\/hello-world-2\/thumbs\/thumbs_img_35742.jpg?resize=100%2C75\" alt=\"Our house number!\" width=\"100\" height=\"75\" \/><\/a><\/p>\n<p>Le 17 juillet 2012, nous, les Dobbertin, avons quitt\u00e9 la Suisse pour un an. Matthias et Mich\u00e8le seront d\u00e9tach\u00e9s par leur employeur, l\u2019Institut f\u00e9d\u00e9ral de recherches sur la for\u00eat, la neige et le paysage WSL pour travailler \u00e0 Santa F\u00e9, au Nouveau Mexique (USA). Matthias fera quelques aller-retour entre la Suisse et les USA. Hannah (13) et Marie (9) fr\u00e9quenteront une \u00e9cole am\u00e9ricaine.<\/p>\n<p>Nous avons cr\u00e9\u00e9 ce blog pour vous raconter \u2013 surtout en allemand, parfois en fran\u00e7ais, peut-\u00eatre en anglais \u2013 ce qui nous \u00e9meut, nous pla\u00eet ou nous \u00e9tonne ici.<\/p>\n<p><iframe loading=\"lazy\" src=\"https:\/\/maps.google.com\/maps?f=q&amp;source=s_q&amp;hl=en&amp;geocode=&amp;q=Santa Fe, New Mexico 87505&amp;aq=&amp;sll=35.689439,-105.888548&amp;sspn=0.025166,0.055747&amp;t=h&amp;ie=UTF8&amp;hnear=Santa Fe, New Mexico&amp;ll=35.687,-105.937729&amp;spn=0.041828,0.051498&amp;z=13&amp;iwloc=A&amp;output=embed\" frameborder=\"0\" marginwidth=\"0\" marginheight=\"0\" scrolling=\"no\" width=\"580\" height=\"300\"><\/iframe><br \/>\n<small><a style=\"color: #0000ff; text-align: left;\" href=\"https:\/\/maps.google.com\/maps?source=embed&amp;f=q&amp;hl=en&amp;geocode=&amp;q=Santa+Fe,+New+Mexico+87505&amp;aq=&amp;sll=35.689439,-105.888548&amp;sspn=0.025166,0.055747&amp;ie=UTF8&amp;hnear=Santa+Fe,+New+Mexico&amp;hq=&amp;t=m&amp;z=13&amp;iwloc=A&amp;ll=35.687,-105.937729\">Agrandir la carte<\/a><\/small><\/p>\n","protected":false},"excerpt":{"rendered":"<p>Le 17 juillet 2012, nous, les Dobbertin, avons quitt\u00e9 la Suisse pour un an. Matthias et Mich\u00e8le seront d\u00e9tach\u00e9s par leur employeur, l\u2019Institut f\u00e9d\u00e9ral de recherches sur la for\u00eat, la neige et le paysage WSL pour travailler \u00e0 Santa F\u00e9, au Nouveau Mexique (USA). Matthias fera quelques aller-retour entre la Suisse et les USA. Hannah&hellip; <a class=\"more-link\" href=\"https:\/\/dobbertin.ch\/fr\/a-propos-de-ce-blog\/\">Poursuivre la lecture <span class=\"screen-reader-text\">A propos de ce blog<\/span><\/a><\/p>\n","protected":false},"author":1,"featured_media":0,"parent":0,"menu_order":2,"comment_status":"open","ping_status":"open","template":"","meta":{"ngg_post_thumbnail":0,"footnotes":""},"class_list":["post-1400","page","type-page","status-publish","hentry","entry"],"jetpack_sharing_enabled":true,"_links":{"self":[{"href":"https:\/\/dobbertin.ch\/fr\/wp-json\/wp\/v2\/pages\/1400","targetHints":{"allow":["GET"]}}],"collection":[{"href":"https:\/\/dobbertin.ch\/fr\/wp-json\/wp\/v2\/pages"}],"about":[{"href":"https:\/\/dobbertin.ch\/fr\/wp-json\/wp\/v2\/types\/page"}],"author":[{"embeddable":true,"href":"https:\/\/dobbertin.ch\/fr\/wp-json\/wp\/v2\/users\/1"}],"replies":[{"embeddable":true,"href":"https:\/\/dobbertin.ch\/fr\/wp-json\/wp\/v2\/comments?post=1400"}],"version-history":[{"count":10,"href":"https:\/\/dobbertin.ch\/fr\/wp-json\/wp\/v2\/pages\/1400\/revisions"}],"predecessor-version":[{"id":1537,"href":"https:\/\/dobbertin.ch\/fr\/wp-json\/wp\/v2\/pages\/1400\/revisions\/1537"}],"wp:attachment":[{"href":"https:\/\/dobbertin.ch\/fr\/wp-json\/wp\/v2\/media?parent=1400"}],"curies":[{"name":"wp","href":"https:\/\/api.w.org\/{rel}","templated":true}]}}